{"id":1097,"date":"2017-08-26T11:42:06","date_gmt":"2017-08-26T08:42:06","guid":{"rendered":"http:\/\/horsemanfinlandia.fi\/sv\/?page_id=1097"},"modified":"2017-11-01T12:40:47","modified_gmt":"2017-11-01T10:40:47","slug":"nyheter-2","status":"publish","type":"page","link":"https:\/\/horsemanfinlandia.fi\/sv\/nyheter-2\/","title":{"rendered":"Nyheter"},"content":{"rendered":"<p>H\u00f6sten 2017 kommer vi att publicera en helt ny produkt som \u00e4r riktad till h\u00e4st- och stall\u00e4gare.<br \/>\nMera information kommer vi att publicera efter testerna.<\/p>\n","protected":false},"excerpt":{"rendered":"<p>H\u00f6sten 2017 kommer vi att publicera en helt ny produkt som \u00e4r riktad till h\u00e4st- och stall\u00e4gare. Mera information kommer vi att publicera efter testerna.<\/p>\n","protected":false},"author":2,"featured_media":0,"parent":0,"menu_order":0,"comment_status":"closed","ping_status":"closed","template":"","meta":{"_acf_changed":false,"footnotes":""},"acf":[],"_links":{"self":[{"href":"https:\/\/horsemanfinlandia.fi\/sv\/wp-json\/wp\/v2\/pages\/1097"}],"collection":[{"href":"https:\/\/horsemanfinlandia.fi\/sv\/wp-json\/wp\/v2\/pages"}],"about":[{"href":"https:\/\/horsemanfinlandia.fi\/sv\/wp-json\/wp\/v2\/types\/page"}],"author":[{"embeddable":true,"href":"https:\/\/horsemanfinlandia.fi\/sv\/wp-json\/wp\/v2\/users\/2"}],"replies":[{"embeddable":true,"href":"https:\/\/horsemanfinlandia.fi\/sv\/wp-json\/wp\/v2\/comments?post=1097"}],"version-history":[{"count":3,"href":"https:\/\/horsemanfinlandia.fi\/sv\/wp-json\/wp\/v2\/pages\/1097\/revisions"}],"predecessor-version":[{"id":1111,"href":"https:\/\/horsemanfinlandia.fi\/sv\/wp-json\/wp\/v2\/pages\/1097\/revisions\/1111"}],"wp:attachment":[{"href":"https:\/\/horsemanfinlandia.fi\/sv\/wp-json\/wp\/v2\/media?parent=1097"}],"curies":[{"name":"wp","href":"https:\/\/api.w.org\/{rel}","templated":true}]}}