{"id":683,"date":"2023-12-07T10:58:13","date_gmt":"2023-12-07T08:58:13","guid":{"rendered":"http:\/\/horsemanfinlandia.fi\/?page_id=683"},"modified":"2024-04-08T01:57:26","modified_gmt":"2024-04-07T22:57:26","slug":"staket","status":"publish","type":"page","link":"https:\/\/horsemanfinlandia.fi\/sv\/staket\/","title":{"rendered":"Staket"},"content":{"rendered":"<p><img loading=\"lazy\" decoding=\"async\" width=\"822\" height=\"217\" class=\"alignnone size-full wp-image-1297\" src=\"https:\/\/horsemanfinlandia.fi\/wp-content\/uploads\/2022\/07\/Equi-logga-m-undertext-2.jpg\" alt=\"\" srcset=\"https:\/\/horsemanfinlandia.fi\/wp-content\/uploads\/2022\/07\/Equi-logga-m-undertext-2.jpg 822w, https:\/\/horsemanfinlandia.fi\/wp-content\/uploads\/2022\/07\/Equi-logga-m-undertext-2-250x66.jpg 250w, https:\/\/horsemanfinlandia.fi\/wp-content\/uploads\/2022\/07\/Equi-logga-m-undertext-2-768x203.jpg 768w, https:\/\/horsemanfinlandia.fi\/wp-content\/uploads\/2022\/07\/Equi-logga-m-undertext-2-700x185.jpg 700w, https:\/\/horsemanfinlandia.fi\/wp-content\/uploads\/2022\/07\/Equi-logga-m-undertext-2-120x32.jpg 120w\" sizes=\"(max-width: 822px) 100vw, 822px\" \/><img loading=\"lazy\" decoding=\"async\" width=\"1024\" height=\"485\" class=\"alignnone size-full wp-image-1295\" src=\"https:\/\/horsemanfinlandia.fi\/wp-content\/uploads\/2022\/07\/vit-rs-staket-1.jpg\" alt=\"\" srcset=\"https:\/\/horsemanfinlandia.fi\/wp-content\/uploads\/2022\/07\/vit-rs-staket-1.jpg 1024w, https:\/\/horsemanfinlandia.fi\/wp-content\/uploads\/2022\/07\/vit-rs-staket-1-250x118.jpg 250w, https:\/\/horsemanfinlandia.fi\/wp-content\/uploads\/2022\/07\/vit-rs-staket-1-768x364.jpg 768w, https:\/\/horsemanfinlandia.fi\/wp-content\/uploads\/2022\/07\/vit-rs-staket-1-700x332.jpg 700w, https:\/\/horsemanfinlandia.fi\/wp-content\/uploads\/2022\/07\/vit-rs-staket-1-120x57.jpg 120w\" sizes=\"(max-width: 1024px) 100vw, 1024px\" \/><\/p>\n<p>Horseman Finlandia Ab\/Oy \u00e4r import\u00f6r av EquiSafe RS-staketer<\/p>\n<p>EquiSafe RS-staketet \u00e4r ett h\u00e4ststaket av HD-polyetenplast som \u00e4r det b\u00e4sta materialet ur m\u00e5nga synvinklar. Att 100 % av plasten dessutom \u00e4r \u00e5tervunnet produktionsspill ger en b\u00e4ttre milj\u00f6 f\u00f6r framtiden<\/p>\n<p>Obs!! P\u00e5 grund att tillverkaren har \u00f6kat sitt produktions takt samt har installerat en ny maskin, har priserna s\u00e4kt \u00f6ver 20%. Nu \u00e4r det dags att ta vara p\u00e5 m\u00f6jligheten\u00a0 !!<\/p>\n<p>&nbsp;<\/p>\n<p><img loading=\"lazy\" decoding=\"async\" class=\"alignnone wp-image-1314\" src=\"https:\/\/horsemanfinlandia.fi\/wp-content\/uploads\/2023\/11\/feature-made-in-sveden-23-1.jpg\" alt=\"\" width=\"175\" height=\"175\" srcset=\"https:\/\/horsemanfinlandia.fi\/wp-content\/uploads\/2023\/11\/feature-made-in-sveden-23-1.jpg 754w, https:\/\/horsemanfinlandia.fi\/wp-content\/uploads\/2023\/11\/feature-made-in-sveden-23-1-200x200.jpg 200w, https:\/\/horsemanfinlandia.fi\/wp-content\/uploads\/2023\/11\/feature-made-in-sveden-23-1-250x250.jpg 250w, https:\/\/horsemanfinlandia.fi\/wp-content\/uploads\/2023\/11\/feature-made-in-sveden-23-1-700x700.jpg 700w, https:\/\/horsemanfinlandia.fi\/wp-content\/uploads\/2023\/11\/feature-made-in-sveden-23-1-120x120.jpg 120w\" sizes=\"(max-width: 175px) 100vw, 175px\" \/> <img loading=\"lazy\" decoding=\"async\" class=\"alignnone wp-image-1315\" src=\"https:\/\/horsemanfinlandia.fi\/wp-content\/uploads\/2023\/11\/feature-pvc-free-22-1.jpg\" alt=\"\" width=\"175\" height=\"175\" srcset=\"https:\/\/horsemanfinlandia.fi\/wp-content\/uploads\/2023\/11\/feature-pvc-free-22-1.jpg 754w, https:\/\/horsemanfinlandia.fi\/wp-content\/uploads\/2023\/11\/feature-pvc-free-22-1-200x200.jpg 200w, https:\/\/horsemanfinlandia.fi\/wp-content\/uploads\/2023\/11\/feature-pvc-free-22-1-250x250.jpg 250w, https:\/\/horsemanfinlandia.fi\/wp-content\/uploads\/2023\/11\/feature-pvc-free-22-1-700x700.jpg 700w, https:\/\/horsemanfinlandia.fi\/wp-content\/uploads\/2023\/11\/feature-pvc-free-22-1-120x120.jpg 120w\" sizes=\"(max-width: 175px) 100vw, 175px\" \/> <img loading=\"lazy\" decoding=\"async\" class=\"alignnone wp-image-1316\" src=\"https:\/\/horsemanfinlandia.fi\/wp-content\/uploads\/2023\/11\/feature-recycled-100-25-1.jpg\" alt=\"\" width=\"175\" height=\"175\" srcset=\"https:\/\/horsemanfinlandia.fi\/wp-content\/uploads\/2023\/11\/feature-recycled-100-25-1.jpg 754w, https:\/\/horsemanfinlandia.fi\/wp-content\/uploads\/2023\/11\/feature-recycled-100-25-1-200x200.jpg 200w, https:\/\/horsemanfinlandia.fi\/wp-content\/uploads\/2023\/11\/feature-recycled-100-25-1-250x250.jpg 250w, https:\/\/horsemanfinlandia.fi\/wp-content\/uploads\/2023\/11\/feature-recycled-100-25-1-700x700.jpg 700w, https:\/\/horsemanfinlandia.fi\/wp-content\/uploads\/2023\/11\/feature-recycled-100-25-1-120x120.jpg 120w\" sizes=\"(max-width: 175px) 100vw, 175px\" \/> <img loading=\"lazy\" decoding=\"async\" class=\"alignnone wp-image-1317\" src=\"https:\/\/horsemanfinlandia.fi\/wp-content\/uploads\/2023\/11\/feature-safe-fencing-24-1.jpg\" alt=\"\" width=\"175\" height=\"175\" srcset=\"https:\/\/horsemanfinlandia.fi\/wp-content\/uploads\/2023\/11\/feature-safe-fencing-24-1.jpg 754w, https:\/\/horsemanfinlandia.fi\/wp-content\/uploads\/2023\/11\/feature-safe-fencing-24-1-200x200.jpg 200w, https:\/\/horsemanfinlandia.fi\/wp-content\/uploads\/2023\/11\/feature-safe-fencing-24-1-250x250.jpg 250w, https:\/\/horsemanfinlandia.fi\/wp-content\/uploads\/2023\/11\/feature-safe-fencing-24-1-700x700.jpg 700w, https:\/\/horsemanfinlandia.fi\/wp-content\/uploads\/2023\/11\/feature-safe-fencing-24-1-120x120.jpg 120w\" sizes=\"(max-width: 175px) 100vw, 175px\" \/> <img loading=\"lazy\" decoding=\"async\" class=\"alignnone wp-image-1318\" src=\"https:\/\/horsemanfinlandia.fi\/wp-content\/uploads\/2023\/11\/Integr-wire-1.jpg\" alt=\"\" width=\"175\" height=\"175\" srcset=\"https:\/\/horsemanfinlandia.fi\/wp-content\/uploads\/2023\/11\/Integr-wire-1.jpg 754w, https:\/\/horsemanfinlandia.fi\/wp-content\/uploads\/2023\/11\/Integr-wire-1-200x200.jpg 200w, https:\/\/horsemanfinlandia.fi\/wp-content\/uploads\/2023\/11\/Integr-wire-1-250x250.jpg 250w, https:\/\/horsemanfinlandia.fi\/wp-content\/uploads\/2023\/11\/Integr-wire-1-700x700.jpg 700w, https:\/\/horsemanfinlandia.fi\/wp-content\/uploads\/2023\/11\/Integr-wire-1-120x120.jpg 120w\" sizes=\"(max-width: 175px) 100vw, 175px\" \/><img loading=\"lazy\" decoding=\"async\" class=\"alignnone wp-image-1322\" src=\"https:\/\/horsemanfinlandia.fi\/wp-content\/uploads\/2023\/11\/feature-uv-resistant-26-1.jpg\" alt=\"\" width=\"175\" height=\"175\" srcset=\"https:\/\/horsemanfinlandia.fi\/wp-content\/uploads\/2023\/11\/feature-uv-resistant-26-1.jpg 754w, https:\/\/horsemanfinlandia.fi\/wp-content\/uploads\/2023\/11\/feature-uv-resistant-26-1-200x200.jpg 200w, https:\/\/horsemanfinlandia.fi\/wp-content\/uploads\/2023\/11\/feature-uv-resistant-26-1-250x250.jpg 250w, https:\/\/horsemanfinlandia.fi\/wp-content\/uploads\/2023\/11\/feature-uv-resistant-26-1-700x700.jpg 700w, https:\/\/horsemanfinlandia.fi\/wp-content\/uploads\/2023\/11\/feature-uv-resistant-26-1-120x120.jpg 120w\" sizes=\"(max-width: 175px) 100vw, 175px\" \/><\/p>\n<h2>EquiSafe RS-staketet \u00e4r s\u00e4kert!<\/h2>\n<p>Polyetenplasten spricker ej, inte ens vid stark kyla. RS-staketet har inga l\u00f6sa rep, tr\u00e5dar eller liknande d\u00e4r h\u00e4sten kan fastna d\u00e5 str\u00f6mmen ligger ingjuten i slanorna. Detta och den runda profilen g\u00f6r att h\u00e4sten aldrig kan skada sig p\u00e5 staketet. Skulle en h\u00e4st bli vettskr\u00e4md och rusa rakt igenom RS-staketet eller hoppa \u201df\u00f6r l\u00e5gt\u201d och hamna p\u00e5 de sviktar plaststaketet undan och sl\u00e4pper i slanskarvarna. Slanorna \u00e4r l\u00e5sta med plast sprintar inuti stolparna som till skillnad fr\u00e5n spik eller dylikt inte \u00e4r vassa och orsakar d\u00e4rf\u00f6r inga sk\u00e4rs\u00e5r. Vid tr\u00e4, j\u00e4rn eller annat staket kan en s\u00e5dan olycka f\u00e5 f\u00f6r\u00f6dande konsekvenser.<\/p>\n<p>Om olycka varit framme \u00e4r det bara att rikta upp och s\u00e4tta ihop EquiSafe RS-staketet igen d\u00e5 materialet inte tar n\u00e5gon skada. Viktigt \u00e4r att se till att el-tr\u00e5darna kopplas samman ordentligt igen, f\u00f6r str\u00f6mmen \u00e4r den faktorn som g\u00f6r att h\u00e4sten har respekt f\u00f6r staketet.<br \/>\nDen lilla skadan som kan betyda vinst eller f\u00f6rlust f\u00f6r en t\u00e4vlingsh\u00e4st undviks ocks\u00e5 med EquiSafe RS-staketet. En spark mot den \u201dmjuka\u201d, sviktande &amp; runda plasten orsakar inte samma sm\u00e4rta som ett h\u00e5rt &amp; kantigt material. Ett l\u00e4tt \u00f6mmande ben kan leda till att h\u00e4sten ger upp 100 m fr\u00e5n m\u00e5l eller inte str\u00e4cker ut i den \u00f6kade traven mm.<\/p>\n<h2>EquiSafe RS-staketet \u00e4r underh\u00e5llsfritt!<\/h2>\n<p>Du slipper m\u00e5la om RS-staketet med j\u00e4mna mellanrum d\u00e5 plasten \u00e4r genuint inf\u00e4rgat och inneh\u00e5ller mycket UV-stabilisator. UV-stabilisator \u00e4r en dyr komponent vilken skyddar plasten fr\u00e5n att brytas ned av solen. M\u00e5nga billiga plastprodukter saknar helt eller inneh\u00e5ller endast lite UV-stabilisator &amp; har d\u00e4rf\u00f6r kort livsl\u00e4ngd. H\u00e4starna \u00e4ter inte upp EquiSafe RS-staketet vilket \u00e4r vanligt p\u00e5 tr\u00e4staket. Att h\u00e4starna \u00e4ter m\u00e5lat eller impregnerat tr\u00e4 \u00e4r direkt oh\u00e4lsosamt f\u00f6r h\u00e4sten. Tandskador \u00e4r ofta f\u00f6ljden om en h\u00e4st st\u00e5r och biter eller \u201dleker\u201d med ett j\u00e4rnstaket.<\/p>\n<p><strong>Det enda underh\u00e5ll EquiSafe RS-staketet kr\u00e4ver \u00e4r att regelbundet se till att str\u00f6mmen fungerar.<\/strong><\/p>\n<h2>EquiSafe RS-staketet \u00e4r snyggt!<\/h2>\n<p>RS-staketet har inga l\u00f6sa tr\u00e5dar h\u00e4ngande. P\u00e5 RS-staketet flagnar inte f\u00e4rgen. H\u00e4starna har inte \u00e4tit upp delar av staketet . R\u00e4tt monterat st\u00e5r sig EquiSafe RS-staketet \u00e5r efter \u00e5r i raka linjer eller \u201db\u00f6ljande\u201d efter den kuperade marken.<\/p>\n<p>Det vita EquiSafe RS-staketet ger lite \u201dHerrg\u00e5rds\u201d framtoning med en pampighet. Det svarta staketet \u00e4r mer diskret och framh\u00e4ver byggnader mer. Detta ligger f\u00f6rst\u00e5s i betraktarens \u00f6gon och smak, men snyggt blir det! <strong>BEG\u00c4R OFFERT!<\/strong><\/p>\n<div id='gallery-1' class='gallery galleryid-683 gallery-columns-4 gallery-size-thumbnail'><figure class='gallery-item'>\n\t\t\t<div class='gallery-icon landscape'>\n\t\t\t\t<a href='https:\/\/horsemanfinlandia.fi\/wp-content\/uploads\/2015\/02\/pg-sweden_f.jpg'><img loading=\"lazy\" decoding=\"async\" width=\"200\" height=\"200\" src=\"https:\/\/horsemanfinlandia.fi\/wp-content\/uploads\/2015\/02\/pg-sweden_f-200x200.jpg\" class=\"attachment-thumbnail size-thumbnail\" alt=\"\" \/><\/a>\n\t\t\t<\/div><\/figure><figure class='gallery-item'>\n\t\t\t<div class='gallery-icon landscape'>\n\t\t\t\t<a href='https:\/\/horsemanfinlandia.fi\/wp-content\/uploads\/2015\/02\/pg-Panel2photo_f.jpg'><img loading=\"lazy\" decoding=\"async\" width=\"200\" height=\"200\" src=\"https:\/\/horsemanfinlandia.fi\/wp-content\/uploads\/2015\/02\/pg-Panel2photo_f-200x200.jpg\" class=\"attachment-thumbnail size-thumbnail\" alt=\"\" \/><\/a>\n\t\t\t<\/div><\/figure><figure class='gallery-item'>\n\t\t\t<div class='gallery-icon landscape'>\n\t\t\t\t<a href='https:\/\/horsemanfinlandia.fi\/wp-content\/uploads\/2015\/02\/pg-Panel2BOT_f.jpg'><img loading=\"lazy\" decoding=\"async\" width=\"200\" height=\"200\" src=\"https:\/\/horsemanfinlandia.fi\/wp-content\/uploads\/2015\/02\/pg-Panel2BOT_f-200x200.jpg\" class=\"attachment-thumbnail size-thumbnail\" alt=\"\" \/><\/a>\n\t\t\t<\/div><\/figure><figure class='gallery-item'>\n\t\t\t<div class='gallery-icon landscape'>\n\t\t\t\t<a href='https:\/\/horsemanfinlandia.fi\/wp-content\/uploads\/2015\/02\/pg-italy_f.jpg'><img loading=\"lazy\" decoding=\"async\" width=\"200\" height=\"200\" src=\"https:\/\/horsemanfinlandia.fi\/wp-content\/uploads\/2015\/02\/pg-italy_f-200x200.jpg\" class=\"attachment-thumbnail size-thumbnail\" alt=\"\" \/><\/a>\n\t\t\t<\/div><\/figure><figure class='gallery-item'>\n\t\t\t<div class='gallery-icon landscape'>\n\t\t\t\t<a href='https:\/\/horsemanfinlandia.fi\/wp-content\/uploads\/2015\/02\/pg-IMG_2901_f.jpg'><img loading=\"lazy\" decoding=\"async\" width=\"200\" height=\"200\" src=\"https:\/\/horsemanfinlandia.fi\/wp-content\/uploads\/2015\/02\/pg-IMG_2901_f-200x200.jpg\" class=\"attachment-thumbnail size-thumbnail\" alt=\"\" \/><\/a>\n\t\t\t<\/div><\/figure><figure class='gallery-item'>\n\t\t\t<div class='gallery-icon landscape'>\n\t\t\t\t<a href='https:\/\/horsemanfinlandia.fi\/wp-content\/uploads\/2015\/02\/pg-IMG_2783_f.jpg'><img loading=\"lazy\" decoding=\"async\" width=\"200\" height=\"200\" src=\"https:\/\/horsemanfinlandia.fi\/wp-content\/uploads\/2015\/02\/pg-IMG_2783_f-200x200.jpg\" class=\"attachment-thumbnail size-thumbnail\" alt=\"\" \/><\/a>\n\t\t\t<\/div><\/figure><figure class='gallery-item'>\n\t\t\t<div class='gallery-icon landscape'>\n\t\t\t\t<a href='https:\/\/horsemanfinlandia.fi\/wp-content\/uploads\/2015\/02\/pg-IMG_2732_f.jpg'><img loading=\"lazy\" decoding=\"async\" width=\"200\" height=\"200\" src=\"https:\/\/horsemanfinlandia.fi\/wp-content\/uploads\/2015\/02\/pg-IMG_2732_f-200x200.jpg\" class=\"attachment-thumbnail size-thumbnail\" alt=\"\" \/><\/a>\n\t\t\t<\/div><\/figure><figure class='gallery-item'>\n\t\t\t<div class='gallery-icon landscape'>\n\t\t\t\t<a href='https:\/\/horsemanfinlandia.fi\/wp-content\/uploads\/2015\/02\/pg-Equi004_f.jpg'><img loading=\"lazy\" decoding=\"async\" width=\"200\" height=\"200\" src=\"https:\/\/horsemanfinlandia.fi\/wp-content\/uploads\/2015\/02\/pg-Equi004_f-200x200.jpg\" class=\"attachment-thumbnail size-thumbnail\" alt=\"\" \/><\/a>\n\t\t\t<\/div><\/figure><figure class='gallery-item'>\n\t\t\t<div class='gallery-icon landscape'>\n\t\t\t\t<a href='https:\/\/horsemanfinlandia.fi\/wp-content\/uploads\/2015\/02\/pg-england_f.jpg'><img loading=\"lazy\" decoding=\"async\" width=\"200\" height=\"200\" src=\"https:\/\/horsemanfinlandia.fi\/wp-content\/uploads\/2015\/02\/pg-england_f-200x200.jpg\" class=\"attachment-thumbnail size-thumbnail\" alt=\"\" \/><\/a>\n\t\t\t<\/div><\/figure><figure class='gallery-item'>\n\t\t\t<div class='gallery-icon landscape'>\n\t\t\t\t<a href='https:\/\/horsemanfinlandia.fi\/wp-content\/uploads\/2015\/02\/pg-DSC01275_f.jpg'><img loading=\"lazy\" decoding=\"async\" width=\"200\" height=\"200\" src=\"https:\/\/horsemanfinlandia.fi\/wp-content\/uploads\/2015\/02\/pg-DSC01275_f-200x200.jpg\" class=\"attachment-thumbnail size-thumbnail\" alt=\"\" \/><\/a>\n\t\t\t<\/div><\/figure><figure class='gallery-item'>\n\t\t\t<div class='gallery-icon landscape'>\n\t\t\t\t<a href='https:\/\/horsemanfinlandia.fi\/wp-content\/uploads\/2015\/02\/pg-Copyofwhite4-rail_f.jpg'><img loading=\"lazy\" decoding=\"async\" width=\"200\" height=\"200\" src=\"https:\/\/horsemanfinlandia.fi\/wp-content\/uploads\/2015\/02\/pg-Copyofwhite4-rail_f-200x200.jpg\" class=\"attachment-thumbnail size-thumbnail\" alt=\"\" \/><\/a>\n\t\t\t<\/div><\/figure><figure class='gallery-item'>\n\t\t\t<div class='gallery-icon landscape'>\n\t\t\t\t<a href='https:\/\/horsemanfinlandia.fi\/wp-content\/uploads\/2015\/02\/pg-112_1286_f.jpg'><img loading=\"lazy\" decoding=\"async\" width=\"200\" height=\"200\" src=\"https:\/\/horsemanfinlandia.fi\/wp-content\/uploads\/2015\/02\/pg-112_1286_f-200x200.jpg\" class=\"attachment-thumbnail size-thumbnail\" alt=\"\" \/><\/a>\n\t\t\t<\/div><\/figure><figure class='gallery-item'>\n\t\t\t<div class='gallery-icon landscape'>\n\t\t\t\t<a href='https:\/\/horsemanfinlandia.fi\/wp-content\/uploads\/2015\/02\/pg-110_1012_f.jpg'><img loading=\"lazy\" decoding=\"async\" width=\"200\" height=\"200\" src=\"https:\/\/horsemanfinlandia.fi\/wp-content\/uploads\/2015\/02\/pg-110_1012_f-200x200.jpg\" class=\"attachment-thumbnail size-thumbnail\" alt=\"\" \/><\/a>\n\t\t\t<\/div><\/figure><figure class='gallery-item'>\n\t\t\t<div class='gallery-icon landscape'>\n\t\t\t\t<a href='https:\/\/horsemanfinlandia.fi\/wp-content\/uploads\/2015\/02\/pg-3-RailBlack_f.jpg'><img loading=\"lazy\" decoding=\"async\" width=\"200\" height=\"200\" src=\"https:\/\/horsemanfinlandia.fi\/wp-content\/uploads\/2015\/02\/pg-3-RailBlack_f-200x200.jpg\" class=\"attachment-thumbnail size-thumbnail\" alt=\"\" \/><\/a>\n\t\t\t<\/div><\/figure><figure class='gallery-item'>\n\t\t\t<div class='gallery-icon landscape'>\n\t\t\t\t<a href='https:\/\/horsemanfinlandia.fi\/wp-content\/uploads\/2015\/02\/pg-3-Rail2_f.jpg'><img loading=\"lazy\" decoding=\"async\" width=\"200\" height=\"200\" src=\"https:\/\/horsemanfinlandia.fi\/wp-content\/uploads\/2015\/02\/pg-3-Rail2_f-200x200.jpg\" class=\"attachment-thumbnail size-thumbnail\" alt=\"\" \/><\/a>\n\t\t\t<\/div><\/figure><figure class='gallery-item'>\n\t\t\t<div class='gallery-icon landscape'>\n\t\t\t\t<a href='https:\/\/horsemanfinlandia.fi\/wp-content\/uploads\/2015\/02\/Image6.jpg'><img loading=\"lazy\" decoding=\"async\" width=\"200\" height=\"200\" src=\"https:\/\/horsemanfinlandia.fi\/wp-content\/uploads\/2015\/02\/Image6-200x200.jpg\" class=\"attachment-thumbnail size-thumbnail\" alt=\"\" \/><\/a>\n\t\t\t<\/div><\/figure><figure class='gallery-item'>\n\t\t\t<div class='gallery-icon landscape'>\n\t\t\t\t<a href='https:\/\/horsemanfinlandia.fi\/wp-content\/uploads\/2015\/02\/Image5.jpg'><img loading=\"lazy\" decoding=\"async\" width=\"200\" height=\"200\" src=\"https:\/\/horsemanfinlandia.fi\/wp-content\/uploads\/2015\/02\/Image5-200x200.jpg\" class=\"attachment-thumbnail size-thumbnail\" alt=\"\" \/><\/a>\n\t\t\t<\/div><\/figure><figure class='gallery-item'>\n\t\t\t<div class='gallery-icon landscape'>\n\t\t\t\t<a href='https:\/\/horsemanfinlandia.fi\/wp-content\/uploads\/2015\/02\/Image4.jpg'><img loading=\"lazy\" decoding=\"async\" width=\"200\" height=\"200\" src=\"https:\/\/horsemanfinlandia.fi\/wp-content\/uploads\/2015\/02\/Image4-200x200.jpg\" class=\"attachment-thumbnail size-thumbnail\" alt=\"\" \/><\/a>\n\t\t\t<\/div><\/figure><figure class='gallery-item'>\n\t\t\t<div class='gallery-icon landscape'>\n\t\t\t\t<a href='https:\/\/horsemanfinlandia.fi\/wp-content\/uploads\/2015\/02\/Image3.jpg'><img loading=\"lazy\" decoding=\"async\" width=\"200\" height=\"200\" src=\"https:\/\/horsemanfinlandia.fi\/wp-content\/uploads\/2015\/02\/Image3-200x200.jpg\" class=\"attachment-thumbnail size-thumbnail\" alt=\"\" \/><\/a>\n\t\t\t<\/div><\/figure><figure class='gallery-item'>\n\t\t\t<div class='gallery-icon landscape'>\n\t\t\t\t<a href='https:\/\/horsemanfinlandia.fi\/wp-content\/uploads\/2015\/02\/Image2.jpg'><img loading=\"lazy\" decoding=\"async\" width=\"200\" height=\"200\" src=\"https:\/\/horsemanfinlandia.fi\/wp-content\/uploads\/2015\/02\/Image2-200x200.jpg\" class=\"attachment-thumbnail size-thumbnail\" alt=\"\" \/><\/a>\n\t\t\t<\/div><\/figure><figure class='gallery-item'>\n\t\t\t<div class='gallery-icon landscape'>\n\t\t\t\t<a href='https:\/\/horsemanfinlandia.fi\/wp-content\/uploads\/2015\/02\/Image1.jpg'><img loading=\"lazy\" decoding=\"async\" width=\"200\" height=\"200\" src=\"https:\/\/horsemanfinlandia.fi\/wp-content\/uploads\/2015\/02\/Image1-200x200.jpg\" class=\"attachment-thumbnail size-thumbnail\" alt=\"\" \/><\/a>\n\t\t\t<\/div><\/figure><figure class='gallery-item'>\n\t\t\t<div class='gallery-icon landscape'>\n\t\t\t\t<a href='https:\/\/horsemanfinlandia.fi\/wp-content\/uploads\/2015\/02\/espanofield4.jpg'><img loading=\"lazy\" decoding=\"async\" width=\"200\" height=\"200\" src=\"https:\/\/horsemanfinlandia.fi\/wp-content\/uploads\/2015\/02\/espanofield4-200x200.jpg\" class=\"attachment-thumbnail size-thumbnail\" alt=\"\" \/><\/a>\n\t\t\t<\/div><\/figure><figure class='gallery-item'>\n\t\t\t<div class='gallery-icon landscape'>\n\t\t\t\t<a href='https:\/\/horsemanfinlandia.fi\/wp-content\/uploads\/2015\/02\/DSC00799-640x480.jpg'><img loading=\"lazy\" decoding=\"async\" width=\"200\" height=\"200\" src=\"https:\/\/horsemanfinlandia.fi\/wp-content\/uploads\/2015\/02\/DSC00799-640x480-200x200.jpg\" class=\"attachment-thumbnail size-thumbnail\" alt=\"\" \/><\/a>\n\t\t\t<\/div><\/figure>\n\t\t<\/div>\n\n","protected":false},"excerpt":{"rendered":"<p>Horseman Finlandia Ab\/Oy \u00e4r import\u00f6r av EquiSafe RS-staketer EquiSafe RS-staketet \u00e4r ett h\u00e4ststaket av HD-polyetenplast som \u00e4r det b\u00e4sta materialet ur m\u00e5nga synvinklar. Att 100 % av plasten dessutom \u00e4r \u00e5tervunnet produktionsspill ger en b\u00e4ttre milj\u00f6 f\u00f6r framtiden Obs!! P\u00e5 grund att tillverkaren har \u00f6kat sitt produktions takt samt har installerat en ny maskin, har [&#8230;]\n","protected":false},"author":2,"featured_media":0,"parent":0,"menu_order":0,"comment_status":"closed","ping_status":"closed","template":"","meta":{"_acf_changed":false,"footnotes":""},"acf":[],"_links":{"self":[{"href":"https:\/\/horsemanfinlandia.fi\/sv\/wp-json\/wp\/v2\/pages\/683"}],"collection":[{"href":"https:\/\/horsemanfinlandia.fi\/sv\/wp-json\/wp\/v2\/pages"}],"about":[{"href":"https:\/\/horsemanfinlandia.fi\/sv\/wp-json\/wp\/v2\/types\/page"}],"author":[{"embeddable":true,"href":"https:\/\/horsemanfinlandia.fi\/sv\/wp-json\/wp\/v2\/users\/2"}],"replies":[{"embeddable":true,"href":"https:\/\/horsemanfinlandia.fi\/sv\/wp-json\/wp\/v2\/comments?post=683"}],"version-history":[{"count":11,"href":"https:\/\/horsemanfinlandia.fi\/sv\/wp-json\/wp\/v2\/pages\/683\/revisions"}],"predecessor-version":[{"id":1429,"href":"https:\/\/horsemanfinlandia.fi\/sv\/wp-json\/wp\/v2\/pages\/683\/revisions\/1429"}],"wp:attachment":[{"href":"https:\/\/horsemanfinlandia.fi\/sv\/wp-json\/wp\/v2\/media?parent=683"}],"curies":[{"name":"wp","href":"https:\/\/api.w.org\/{rel}","templated":true}]}}